{"id":49,"date":"2018-10-30T21:44:56","date_gmt":"2018-10-30T20:44:56","guid":{"rendered":"https:\/\/congovirtuel.com\/information\/?page_id=49"},"modified":"2020-05-09T13:26:50","modified_gmt":"2020-05-09T12:26:50","slug":"about","status":"publish","type":"page","link":"https:\/\/congovirtuel.com\/information\/about\/","title":{"rendered":"About"},"content":{"rendered":"<p style=\"text-align: justify;\">La Biblioth\u00e8que Virtuelle de la R\u00e9publique D\u00e9mocratique du Congo, \u00e0 travers cette page\u00a0<a href=\"https:\/\/www.congovirtuel.com\/publication.php\">https:\/\/www.congovirtuel.com\/publication.php<\/a> qui constitue son extension informative, est un cercle de r\u00e9flexion, et d\u2019entraide \u00e0 but non lucratif, l\u2019objectif poursuivi par ce cercle est de promouvoir la diversit\u00e9 culturelle de la RDC.<\/p>\n<p style=\"text-align: justify;\">Ainsi donc, dans ce site nous nous sommes donn\u00e9 comme objectif, de vulgariser les travaux universitaires, les \u0153uvres scientifiques et litt\u00e9raires pour les \u00e9tudiants et jeunes \u00e9crivains sans moyen financier, de vulgariser la culture, les sites touristiques ou potentiels de la R\u00c9PUBLIQUE D\u00c9MOCRATIQUE DU CONGO, de vulgariser les institutions universitaires, m\u00e9dicales ainsi qu\u2019h\u00f4teli\u00e8res sans moyens, d\u2019informer \u00e0 temps r\u00e9el des \u00e9v\u00e8nements qui surviennent dans le pays. De pr\u00e9senter des donn\u00e9es statistiques de la R\u00c9PUBLIQUE D\u00c9MOCRATIQUE DU CONGO dans plusieurs domaines dont la sant\u00e9, du taux de la naissance et mortalit\u00e9, de la criminalit\u00e9 dans les quartiers de Kinshasa essentiellement, de pr\u00e9senter les opportunit\u00e9s d\u2019emploi ou fourniture de services aux entreprises ou individu qui le d\u00e9sirent dans le futur ou \u00e0 temps r\u00e9el.<\/p>\n<p><script async=\"\" src=\"\/\/pagead2.googlesyndication.com\/pagead\/js\/adsbygoogle.js\"><\/script><br \/>\n<!-- code responsive --><br \/>\n<ins class=\"adsbygoogle\" style=\"display: block;\" data-ad-client=\"ca-pub-2119363214666215\" data-ad-slot=\"1973679082\" data-ad-format=\"auto\"><\/ins><br \/>\n<script><br \/>\n(adsbygoogle = window.adsbygoogle || []).push({});<br \/>\n<\/script><\/p>\n<p style=\"text-align: justify;\">En effet, nous nous sommes rendu compte que les manques des infrastructures informatiques, techniques et financi\u00e8res emp\u00eachent notre pays et chercheurs \u00e0 se faire conna\u00eetre en ligne dans le monde et aupr\u00e8s de tiers personnes. Les sites Internet des quelques institutions politiques et administratives du pays fonctionnent en intermittence. Aussi en R\u00e9publique D\u00e9mocratique du Congo il n\u2019existe pas encore une base de donn\u00e9es consultable de ses p\u00e9riph\u00e9ries (communes et territoires) ; Congovirtuel veut ainsi rendre cela possible en publiant des travaux et \u00e9tudes des \u00e9tudiants et chercheurs qui traitent de ce type d\u2019informations et que ces informations seront disponible dans la plupart des moteurs de recherche, comme c\u2019est le cas pour d\u2019autres d\u00e9j\u00e0. Une fois en ligne ces informations aideront d\u2019autres \u00e9tudiants du pays et du monde, ce qui emp\u00eachera aussi des plagiats ou le traitement d\u2019un m\u00eame sujet dans le cas des travaux universitaires.<\/p>\n<p style=\"text-align: justify;\">L\u2019objectif \u00e0 termes est de servir en partenariat avec les universit\u00e9s et institutions d\u2019enseignement du pays d\u2019une biblioth\u00e8que virtuelle en ligne des tous les travaux scientifiques des \u00e9tudiants consultable par tout au monde ; et stimuler ainsi les universit\u00e9s \u00e0 agir aussi dans cette direction. Cela pour la promotion dudit \u0153uvres au lieu de leurs destructions apr\u00e8s un d\u00e9lai de 20 ans<\/p>\n<p style=\"text-align: justify;\">Ce cercle de r\u00e9flexion pr\u00e9sente les \u0153uvres et services sur son site de bonne foi et sans contre partie. Toute personne qui verrait une partie ou la totalit\u00e9 des ses \u0153uvres sur le site, veuille bien nous contacter pour avoir d\u2019ample explication sur la pr\u00e9sentation de son \u0153uvre. Nonobstant le fait qu\u2019il y a des auteurs dont la mise en ligne de leurs \u0153uvres ont \u00e9t\u00e9 pr\u00e9venus d\u2019avance.<\/p>\n<p style=\"text-align: justify;\">Le Site fonctionne 24 heures sur 24 et 7 jours sur 7. Il est libre d&rsquo;acc\u00e8s. <a href=\"https:\/\/www.congovirtuel.com\/publication.php\">https:\/\/www.congovirtuel.com\/publication.php<\/a>Le Cercle se r\u00e9serve toutefois le droit, \u00e0 tout moment, de modifier, de suspendre ou d&rsquo;interrompre, temporairement ou d\u00e9finitivement l&rsquo;ouvrage sur son Site.<\/p>\n<p style=\"text-align: justify;\">Le Site a pour objet de mettre \u00e0 la disposition des Utilisateurs une base de donn\u00e9es comportant des documents r\u00e9dig\u00e9s par des \u00e9tudiants ou des experts (professeurs, cadres,&#8230;) dans de multiples domaines (les \u00ab Documents \u00bb). Ces Documents prennent diverses formes (notamment les formes de fiches techniques, fiches de lecture, expos\u00e9s, dissertations, cours, exercices de travaux dirig\u00e9s, m\u00e9moires, pr\u00e9sentations, mod\u00e8les d&rsquo;actes&#8230;).<\/p>\n<p><script async=\"\" src=\"\/\/pagead2.googlesyndication.com\/pagead\/js\/adsbygoogle.js\"><\/script><br \/>\n<!-- code responsive --><br \/>\n<ins class=\"adsbygoogle\" style=\"display: block;\" data-ad-client=\"ca-pub-2119363214666215\" data-ad-slot=\"1973679082\" data-ad-format=\"auto\"><\/ins><br \/>\n<script><br \/>\n(adsbygoogle = window.adsbygoogle || []).push({});<br \/>\n<\/script><\/p>\n<p style=\"text-align: justify;\">L&rsquo;acceptation par l&rsquo;Utilisateur est mat\u00e9rialis\u00e9e par sa signature \u00e9lectronique, concr\u00e9tis\u00e9e par \u00ab l\u2019envoie de son \u0153uvre \u00bb ainsi que par la communication de ses coordonn\u00e9es. Cette signature \u00e9lectronique a valeur de signature \u00e9crite entre les parties. Cette d\u00e9marche \u00e9quivaut pour l&rsquo;Utilisateur \u00e0 reconna\u00eetre qu&rsquo;il a pris pleinement conscience et qu&rsquo;il approuve l&rsquo;ensemble des conditions indiqu\u00e9es ci-apr\u00e8s. Le syst\u00e8me d&rsquo;enregistrement automatique du Site est consid\u00e9r\u00e9 comme valant preuve de la nature de la convention et de sa date..<\/p>\n<p style=\"text-align: justify;\">Pour toute personne morale ou physique qui chercherait \u00e0 pr\u00e9senter en totalit\u00e9 en partie son \u0153uvre sur la toile, pri\u00e8re de nous le faire parvenir par e-mail l\u2019objet en question sur ce lien<a href=\"https:\/\/www.congovirtuel.com\/publication.php\">!Cliquez ici.<\/a><\/p>\n<p style=\"text-align: justify;\"><b>Le cercle !<\/b><\/p>\n","protected":false},"excerpt":{"rendered":"<p>La Biblioth\u00e8que Virtuelle de la R\u00e9publique D\u00e9mocratique du Congo, \u00e0 travers cette page\u00a0https:\/\/www.congovirtuel.com\/publication.php qui constitue son extension informative, est un cercle de r\u00e9flexion, et d\u2019entraide \u00e0 but non lucratif, l\u2019objectif poursuivi par ce cercle est de promouvoir la diversit\u00e9 culturelle de la RDC. Ainsi donc, dans ce site nous nous sommes donn\u00e9 comme objectif, de vulgariser les travaux universitaires, les \u0153uvres scientifiques et litt\u00e9raires pour les \u00e9tudiants et jeunes \u00e9crivains sans moyen financier, de vulgariser la culture, les sites touristiques ou potentiels de la R\u00c9PUBLIQUE D\u00c9MOCRATIQUE DU CONGO, de vulgariser&hellip;<\/p>\n","protected":false},"author":1,"featured_media":0,"parent":0,"menu_order":0,"comment_status":"closed","ping_status":"closed","template":"","meta":{"_crdt_document":"","footnotes":""},"class_list":["post-49","page","type-page","status-publish","hentry"],"yoast_head":"<!-- This site is optimized with the Yoast SEO plugin v27.5 - https:\/\/yoast.com\/product\/yoast-seo-wordpress\/ -->\n<title>About - Actualit\u00e9s congolaises et internationales<\/title>\n<meta name=\"robots\" content=\"index, follow, max-snippet:-1, max-image-preview:large, max-video-preview:-1\" \/>\n<link rel=\"canonical\" href=\"https:\/\/congovirtuel.com\/information\/about\/\" \/>\n<meta property=\"og:locale\" content=\"fr_FR\" \/>\n<meta property=\"og:type\" content=\"article\" \/>\n<meta property=\"og:title\" content=\"About - Actualit\u00e9s congolaises et internationales\" \/>\n<meta property=\"og:description\" content=\"La Biblioth\u00e8que Virtuelle de la R\u00e9publique D\u00e9mocratique du Congo, \u00e0 travers cette page\u00a0https:\/\/www.congovirtuel.com\/publication.php qui constitue son extension informative, est un cercle de r\u00e9flexion, et d\u2019entraide \u00e0 but non lucratif, l\u2019objectif poursuivi par ce cercle est de promouvoir la diversit\u00e9 culturelle de la RDC. Ainsi donc, dans ce site nous nous sommes donn\u00e9 comme objectif, de vulgariser les travaux universitaires, les \u0153uvres scientifiques et litt\u00e9raires pour les \u00e9tudiants et jeunes \u00e9crivains sans moyen financier, de vulgariser la culture, les sites touristiques ou potentiels de la R\u00c9PUBLIQUE D\u00c9MOCRATIQUE DU CONGO, de vulgariser&hellip;\" \/>\n<meta property=\"og:url\" content=\"https:\/\/congovirtuel.com\/information\/about\/\" \/>\n<meta property=\"og:site_name\" content=\"Actualit\u00e9s congolaises et internationales\" \/>\n<meta property=\"article:publisher\" content=\"https:\/\/web.facebook.com\/Congovirtuel-763617960319601\/?ref=aymt_homepage_panel&amp;amp%3bamp%3bamp%3bamp%3bamp%3bamp%3bamp%3bamp%3bamp%3bamp%3bamp%3beid=ARCoxULa66767kIgF_KYav6VdjXTI4yk_LW4yoVO9s6NXpysgb7Cb65vpxcxgqzOAKvIbLQxaAETcqHT\" \/>\n<meta property=\"article:modified_time\" content=\"2020-05-09T12:26:50+00:00\" \/>\n<meta name=\"twitter:card\" content=\"summary_large_image\" \/>\n<meta name=\"twitter:site\" content=\"@congovirtuel\" \/>\n<meta name=\"twitter:label1\" content=\"Dur\u00e9e de lecture estim\u00e9e\" \/>\n\t<meta name=\"twitter:data1\" content=\"4 minutes\" \/>\n<script type=\"application\/ld+json\" class=\"yoast-schema-graph\">{\"@context\":\"https:\\\/\\\/schema.org\",\"@graph\":[{\"@type\":\"WebPage\",\"@id\":\"https:\\\/\\\/congovirtuel.com\\\/information\\\/about\\\/\",\"url\":\"https:\\\/\\\/congovirtuel.com\\\/information\\\/about\\\/\",\"name\":\"About - Actualit\u00e9s congolaises et internationales\",\"isPartOf\":{\"@id\":\"https:\\\/\\\/congovirtuel.com\\\/information\\\/#website\"},\"datePublished\":\"2018-10-30T20:44:56+00:00\",\"dateModified\":\"2020-05-09T12:26:50+00:00\",\"breadcrumb\":{\"@id\":\"https:\\\/\\\/congovirtuel.com\\\/information\\\/about\\\/#breadcrumb\"},\"inLanguage\":\"fr-FR\",\"potentialAction\":[{\"@type\":\"ReadAction\",\"target\":[\"https:\\\/\\\/congovirtuel.com\\\/information\\\/about\\\/\"]}]},{\"@type\":\"BreadcrumbList\",\"@id\":\"https:\\\/\\\/congovirtuel.com\\\/information\\\/about\\\/#breadcrumb\",\"itemListElement\":[{\"@type\":\"ListItem\",\"position\":1,\"name\":\"Accueil\",\"item\":\"https:\\\/\\\/congovirtuel.com\\\/information\\\/\"},{\"@type\":\"ListItem\",\"position\":2,\"name\":\"About\"}]},{\"@type\":\"WebSite\",\"@id\":\"https:\\\/\\\/congovirtuel.com\\\/information\\\/#website\",\"url\":\"https:\\\/\\\/congovirtuel.com\\\/information\\\/\",\"name\":\"Actualit\u00e9s congolaises et internationales\",\"description\":\"site d&#039;analyse et de traitement d&#039;information\",\"publisher\":{\"@id\":\"https:\\\/\\\/congovirtuel.com\\\/information\\\/#organization\"},\"potentialAction\":[{\"@type\":\"SearchAction\",\"target\":{\"@type\":\"EntryPoint\",\"urlTemplate\":\"https:\\\/\\\/congovirtuel.com\\\/information\\\/?s={search_term_string}\"},\"query-input\":{\"@type\":\"PropertyValueSpecification\",\"valueRequired\":true,\"valueName\":\"search_term_string\"}}],\"inLanguage\":\"fr-FR\"},{\"@type\":\"Organization\",\"@id\":\"https:\\\/\\\/congovirtuel.com\\\/information\\\/#organization\",\"name\":\"Biblioth\u00e8que Virtuelle de la RDC\",\"url\":\"https:\\\/\\\/congovirtuel.com\\\/information\\\/\",\"logo\":{\"@type\":\"ImageObject\",\"inLanguage\":\"fr-FR\",\"@id\":\"https:\\\/\\\/congovirtuel.com\\\/information\\\/#\\\/schema\\\/logo\\\/image\\\/\",\"url\":\"https:\\\/\\\/congovirtuel.com\\\/information\\\/wp-content\\\/uploads\\\/2018\\\/10\\\/header-info-congovirtuel-vraie.jpg\",\"contentUrl\":\"https:\\\/\\\/congovirtuel.com\\\/information\\\/wp-content\\\/uploads\\\/2018\\\/10\\\/header-info-congovirtuel-vraie.jpg\",\"width\":728,\"height\":90,\"caption\":\"Biblioth\u00e8que Virtuelle de la RDC\"},\"image\":{\"@id\":\"https:\\\/\\\/congovirtuel.com\\\/information\\\/#\\\/schema\\\/logo\\\/image\\\/\"},\"sameAs\":[\"https:\\\/\\\/web.facebook.com\\\/Congovirtuel-763617960319601\\\/?ref=aymt_homepage_panel&amp;amp;amp;amp;amp;amp;amp;amp;amp;amp;amp;eid=ARCoxULa66767kIgF_KYav6VdjXTI4yk_LW4yoVO9s6NXpysgb7Cb65vpxcxgqzOAKvIbLQxaAETcqHT\",\"https:\\\/\\\/x.com\\\/congovirtuel\",\"https:\\\/\\\/www.youtube.com\\\/channel\\\/UCkFfprYzGgS3EWNpeMXpToQ?view_as=subscriber\"]}]}<\/script>\n<!-- \/ Yoast SEO plugin. -->","yoast_head_json":{"title":"About - Actualit\u00e9s congolaises et internationales","robots":{"index":"index","follow":"follow","max-snippet":"max-snippet:-1","max-image-preview":"max-image-preview:large","max-video-preview":"max-video-preview:-1"},"canonical":"https:\/\/congovirtuel.com\/information\/about\/","og_locale":"fr_FR","og_type":"article","og_title":"About - Actualit\u00e9s congolaises et internationales","og_description":"La Biblioth\u00e8que Virtuelle de la R\u00e9publique D\u00e9mocratique du Congo, \u00e0 travers cette page\u00a0https:\/\/www.congovirtuel.com\/publication.php qui constitue son extension informative, est un cercle de r\u00e9flexion, et d\u2019entraide \u00e0 but non lucratif, l\u2019objectif poursuivi par ce cercle est de promouvoir la diversit\u00e9 culturelle de la RDC. Ainsi donc, dans ce site nous nous sommes donn\u00e9 comme objectif, de vulgariser les travaux universitaires, les \u0153uvres scientifiques et litt\u00e9raires pour les \u00e9tudiants et jeunes \u00e9crivains sans moyen financier, de vulgariser la culture, les sites touristiques ou potentiels de la R\u00c9PUBLIQUE D\u00c9MOCRATIQUE DU CONGO, de vulgariser&hellip;","og_url":"https:\/\/congovirtuel.com\/information\/about\/","og_site_name":"Actualit\u00e9s congolaises et internationales","article_publisher":"https:\/\/web.facebook.com\/Congovirtuel-763617960319601\/?ref=aymt_homepage_panel&amp%3bamp%3bamp%3bamp%3bamp%3bamp%3bamp%3bamp%3bamp%3bamp%3bamp%3beid=ARCoxULa66767kIgF_KYav6VdjXTI4yk_LW4yoVO9s6NXpysgb7Cb65vpxcxgqzOAKvIbLQxaAETcqHT","article_modified_time":"2020-05-09T12:26:50+00:00","twitter_card":"summary_large_image","twitter_site":"@congovirtuel","twitter_misc":{"Dur\u00e9e de lecture estim\u00e9e":"4 minutes"},"schema":{"@context":"https:\/\/schema.org","@graph":[{"@type":"WebPage","@id":"https:\/\/congovirtuel.com\/information\/about\/","url":"https:\/\/congovirtuel.com\/information\/about\/","name":"About - Actualit\u00e9s congolaises et internationales","isPartOf":{"@id":"https:\/\/congovirtuel.com\/information\/#website"},"datePublished":"2018-10-30T20:44:56+00:00","dateModified":"2020-05-09T12:26:50+00:00","breadcrumb":{"@id":"https:\/\/congovirtuel.com\/information\/about\/#breadcrumb"},"inLanguage":"fr-FR","potentialAction":[{"@type":"ReadAction","target":["https:\/\/congovirtuel.com\/information\/about\/"]}]},{"@type":"BreadcrumbList","@id":"https:\/\/congovirtuel.com\/information\/about\/#breadcrumb","itemListElement":[{"@type":"ListItem","position":1,"name":"Accueil","item":"https:\/\/congovirtuel.com\/information\/"},{"@type":"ListItem","position":2,"name":"About"}]},{"@type":"WebSite","@id":"https:\/\/congovirtuel.com\/information\/#website","url":"https:\/\/congovirtuel.com\/information\/","name":"Actualit\u00e9s congolaises et internationales","description":"site d&#039;analyse et de traitement d&#039;information","publisher":{"@id":"https:\/\/congovirtuel.com\/information\/#organization"},"potentialAction":[{"@type":"SearchAction","target":{"@type":"EntryPoint","urlTemplate":"https:\/\/congovirtuel.com\/information\/?s={search_term_string}"},"query-input":{"@type":"PropertyValueSpecification","valueRequired":true,"valueName":"search_term_string"}}],"inLanguage":"fr-FR"},{"@type":"Organization","@id":"https:\/\/congovirtuel.com\/information\/#organization","name":"Biblioth\u00e8que Virtuelle de la RDC","url":"https:\/\/congovirtuel.com\/information\/","logo":{"@type":"ImageObject","inLanguage":"fr-FR","@id":"https:\/\/congovirtuel.com\/information\/#\/schema\/logo\/image\/","url":"https:\/\/congovirtuel.com\/information\/wp-content\/uploads\/2018\/10\/header-info-congovirtuel-vraie.jpg","contentUrl":"https:\/\/congovirtuel.com\/information\/wp-content\/uploads\/2018\/10\/header-info-congovirtuel-vraie.jpg","width":728,"height":90,"caption":"Biblioth\u00e8que Virtuelle de la RDC"},"image":{"@id":"https:\/\/congovirtuel.com\/information\/#\/schema\/logo\/image\/"},"sameAs":["https:\/\/web.facebook.com\/Congovirtuel-763617960319601\/?ref=aymt_homepage_panel&amp;amp;amp;amp;amp;amp;amp;amp;amp;amp;amp;eid=ARCoxULa66767kIgF_KYav6VdjXTI4yk_LW4yoVO9s6NXpysgb7Cb65vpxcxgqzOAKvIbLQxaAETcqHT","https:\/\/x.com\/congovirtuel","https:\/\/www.youtube.com\/channel\/UCkFfprYzGgS3EWNpeMXpToQ?view_as=subscriber"]}]}},"_links":{"self":[{"href":"https:\/\/congovirtuel.com\/information\/wp-json\/wp\/v2\/pages\/49","targetHints":{"allow":["GET"]}}],"collection":[{"href":"https:\/\/congovirtuel.com\/information\/wp-json\/wp\/v2\/pages"}],"about":[{"href":"https:\/\/congovirtuel.com\/information\/wp-json\/wp\/v2\/types\/page"}],"author":[{"embeddable":true,"href":"https:\/\/congovirtuel.com\/information\/wp-json\/wp\/v2\/users\/1"}],"replies":[{"embeddable":true,"href":"https:\/\/congovirtuel.com\/information\/wp-json\/wp\/v2\/comments?post=49"}],"version-history":[{"count":3,"href":"https:\/\/congovirtuel.com\/information\/wp-json\/wp\/v2\/pages\/49\/revisions"}],"predecessor-version":[{"id":1390,"href":"https:\/\/congovirtuel.com\/information\/wp-json\/wp\/v2\/pages\/49\/revisions\/1390"}],"wp:attachment":[{"href":"https:\/\/congovirtuel.com\/information\/wp-json\/wp\/v2\/media?parent=49"}],"curies":[{"name":"wp","href":"https:\/\/api.w.org\/{rel}","templated":true}]}}